{"id":1829,"date":"2021-11-23T15:37:13","date_gmt":"2021-11-23T13:37:13","guid":{"rendered":"https:\/\/luotocompany.fi\/?page_id=1829"},"modified":"2026-04-14T13:12:34","modified_gmt":"2026-04-14T10:12:34","slug":"cooperation","status":"publish","type":"page","link":"https:\/\/luotocompany.fi\/en\/cooperation\/","title":{"rendered":"Cooperation"},"content":{"rendered":"\n<h1 class=\"wp-block-heading has-text-align-center\"><strong>Your strategic companion<\/strong><\/h1>\n\n\n\r\n<div id=\"max-width-block_a8c30d830f03456035bcc4a03a5b0da2\" class=\"wp-block block-max-width\">\r\n\t<div class=\"block-max-width__inner\" style=\"max-width: 800px;\">\r\n\t\t\n\n<p class=\"has-text-align-center has-large-font-size\">Seamless collaboration with the commitment of experienced professionals<\/p>\n\n\r\n\t<\/div>\r\n\t<\/div>\n\n\n<div style=\"height:50px\" aria-hidden=\"true\" class=\"wp-block-spacer\"><\/div>\n\n\n\n<figure class=\"wp-block-image aligncenter size-large is-resized\"><img loading=\"lazy\" decoding=\"async\" width=\"2140\" height=\"1017\" src=\"https:\/\/www.luotocompany.fi\/wp-content\/uploads\/2021\/07\/tyomme-hero.png\" alt=\"\" class=\"wp-image-220\" srcset=\"https:\/\/luotocompany.fi\/wp-content\/uploads\/2021\/07\/tyomme-hero.png 2140w, https:\/\/luotocompany.fi\/wp-content\/uploads\/2021\/07\/tyomme-hero-1024x487.png 1024w, https:\/\/luotocompany.fi\/wp-content\/uploads\/2021\/07\/tyomme-hero-1920x912.png 1920w, https:\/\/luotocompany.fi\/wp-content\/uploads\/2021\/07\/tyomme-hero-2048x973.png 2048w\" sizes=\"auto, (max-width: 2140px) 100vw, 2140px\" \/><\/figure>\n\n\n\n<div class=\"wp-block-cover alignfull is-light\"><span aria-hidden=\"true\" class=\"wp-block-cover__background has-background-dim-100 has-background-dim\" style=\"background-color:#e7f8f8\"><\/span><div class=\"wp-block-cover__inner-container is-layout-flow wp-block-cover-is-layout-flow\">\n<div class=\"wp-block-media-text alignwide is-stacked-on-mobile is-vertically-aligned-top\"><figure class=\"wp-block-media-text__media\"><img loading=\"lazy\" decoding=\"async\" width=\"1500\" height=\"1000\" src=\"https:\/\/www.luotocompany.fi\/wp-content\/uploads\/2021\/11\/Osakkkaat_kuva.jpg\" alt=\"\" class=\"wp-image-1877 size-full\" srcset=\"https:\/\/luotocompany.fi\/wp-content\/uploads\/2021\/11\/Osakkkaat_kuva.jpg 1500w, https:\/\/luotocompany.fi\/wp-content\/uploads\/2021\/11\/Osakkkaat_kuva-1024x683.jpg 1024w\" sizes=\"auto, (max-width: 1500px) 100vw, 1500px\" \/><\/figure><div class=\"wp-block-media-text__content\">\n<h3 class=\"wp-block-heading\"><strong>Luoto Company brings together committed and experienced professionals in the industry<\/strong><\/h3>\n\n\n\n<p>We build high-quality digital services for our clients through solution deliveries, dedicated teams, or seamlessly as part of the client\u2019s own organization. Our core expertise spans architecture, software development, data, and artificial intelligence, with a strong track record <\/p>\n\n\n\n<p>What makes us unique is our partner-led team \u2013 experienced professionals who are committed to our customers\u2019 success not only in their work, but also as owners. This is reflected in decision-making close to the customer, a strong commitment to customer experience, and the ability to build long-term collaboration where responsibility for success is genuinely shared. The result is higher service quality, smoother ways of working, and sustainable outcomes.<\/p>\n\n\n\n<hr class=\"wp-block-separator has-text-color has-usva-color has-css-opacity has-usva-background-color has-background is-style-wide\"\/>\n\n\n\n<h6 class=\"wp-block-heading\"><a href=\"https:\/\/luotocompany.fi\/en\/services\/\" data-type=\"page\" data-id=\"2824\">Read more about our Services<\/a> or <a href=\"https:\/\/www.luotocompany.fi\/en\/contact\/\" data-type=\"URL\">Contact<\/a><a href=\"https:\/\/www.luotocompany.fi\/en\/contact\/\" data-type=\"URL\" data-id=\"https:\/\/www.luotocompany.fi\/yhteys\/\"><\/a><a href=\"https:\/\/www.luotocompany.fi\/en\/contact\/\" data-type=\"URL\" data-id=\"https:\/\/www.luotocompany.fi\/yhteys\/\">us<\/a>, we\u2019ll be happy to tell you more!<\/h6>\n<\/div><\/div>\n<\/div><\/div>\n\n\n\n<div class=\"wp-block-cover alignfull\"><span aria-hidden=\"true\" class=\"wp-block-cover__background has-kuusimetsa-background-color has-background-dim-100 has-background-dim\"><\/span><div class=\"wp-block-cover__inner-container is-layout-flow wp-block-cover-is-layout-flow\">\n<h2 class=\"wp-block-heading has-text-align-center has-poutapaiva-color has-text-color\">Partners view<\/h2>\n\n\n\n<p><\/p>\n\n\n\r\n<div id=\"max-width-block_a8c30d830f03456035bcc4a03a5b0da2\" class=\"wp-block block-max-width\">\r\n\t<div class=\"block-max-width__inner\" style=\"max-width: 800px;\">\r\n\t\t\n\n<div class=\"wp-block-media-text alignwide is-stacked-on-mobile is-vertically-aligned-center partner-quote\" style=\"grid-template-columns:40% auto\"><figure class=\"wp-block-media-text__media\"><img loading=\"lazy\" decoding=\"async\" width=\"1172\" height=\"936\" src=\"https:\/\/www.luotocompany.fi\/wp-content\/uploads\/2021\/11\/Martti.jpg\" alt=\"\" class=\"wp-image-1894 size-full\" srcset=\"https:\/\/luotocompany.fi\/wp-content\/uploads\/2021\/11\/Martti.jpg 1172w, https:\/\/luotocompany.fi\/wp-content\/uploads\/2021\/11\/Martti-1024x818.jpg 1024w\" sizes=\"auto, (max-width: 1172px) 100vw, 1172px\" \/><\/figure><div class=\"wp-block-media-text__content\">\n<p class=\"has-poutapaiva-color has-text-color\">&#8220;Luoto&#8217;s joint ownership model creates strong commitment for long lasting customer relationships, skills development and strong results.&#8221;<\/p>\n\n\n\n<p class=\"has-poutapaiva-color has-text-color\"><em>-Martti R., Solution architect<\/em><\/p>\n<\/div><\/div>\n\n\n\n<div class=\"wp-block-media-text alignwide is-stacked-on-mobile partner-quote\" style=\"grid-template-columns:40% auto\"><figure class=\"wp-block-media-text__media\"><img loading=\"lazy\" decoding=\"async\" width=\"1172\" height=\"937\" src=\"https:\/\/www.luotocompany.fi\/wp-content\/uploads\/2021\/11\/Tuomas.jpg\" alt=\"\" class=\"wp-image-2129 size-full\" srcset=\"https:\/\/luotocompany.fi\/wp-content\/uploads\/2021\/11\/Tuomas.jpg 1172w, https:\/\/luotocompany.fi\/wp-content\/uploads\/2021\/11\/Tuomas-1024x819.jpg 1024w\" sizes=\"auto, (max-width: 1172px) 100vw, 1172px\" \/><\/figure><div class=\"wp-block-media-text__content\">\n<p class=\"has-poutapaiva-color has-text-color\">\u201dModern sales, a.k.a customer experience happens on all company levels. For us it means e.g. experts joining the sales proposals or flawless invoicing.&#8221;<\/p>\n\n\n\n<p class=\"has-poutapaiva-color has-text-color\"><em>\u2013 Tuomas N., CEO<\/em><\/p>\n<\/div><\/div>\n\n\n\n<div class=\"wp-block-media-text alignwide is-stacked-on-mobile is-vertically-aligned-center partner-quote\" style=\"grid-template-columns:40% auto\"><figure class=\"wp-block-media-text__media\"><img loading=\"lazy\" decoding=\"async\" width=\"1024\" height=\"818\" src=\"https:\/\/www.luotocompany.fi\/wp-content\/uploads\/2021\/11\/Mikael-1024x818.jpg\" alt=\"\" class=\"wp-image-1896 size-medium\" srcset=\"https:\/\/luotocompany.fi\/wp-content\/uploads\/2021\/11\/Mikael-1024x818.jpg 1024w, https:\/\/luotocompany.fi\/wp-content\/uploads\/2021\/11\/Mikael.jpg 1172w\" sizes=\"auto, (max-width: 1024px) 100vw, 1024px\" \/><\/figure><div class=\"wp-block-media-text__content\">\n<p class=\"has-poutapaiva-color has-text-color\">&#8220;We understand the meaning of quality in projects and its impact on the whole life cycle of software. We develop together with our clients successful software projects that work and can be maintained. Our development is also transparent and proactive.&#8221;<\/p>\n\n\n\n<p class=\"has-poutapaiva-color has-text-color\"><em>-Mikael S., Software architect and developer<\/em><\/p>\n<\/div><\/div>\n\n\r\n\t<\/div>\r\n\t<\/div><\/div><\/div>\n\n\n\n<h2 class=\"wp-block-heading has-text-align-center\">Fair partnership with Luoto Company<\/h2>\n\n\n\n<div class=\"wp-block-columns is-style-default is-layout-flex wp-container-core-columns-is-layout-28f84493 wp-block-columns-is-layout-flex\">\n<div class=\"wp-block-column is-layout-flow wp-block-column-is-layout-flow\">\r\n<div id=\"max-width-block_5dacc1c9c408525b536b0b7f78ac3327\" class=\"wp-block block-max-width\">\r\n\t<div class=\"block-max-width__inner\" style=\"max-width: 500px;\">\r\n\t\t\n\n<figure class=\"wp-block-image aligncenter size-large\"><img loading=\"lazy\" decoding=\"async\" width=\"886\" height=\"664\" src=\"https:\/\/www.luotocompany.fi\/wp-content\/uploads\/2021\/07\/reilua-kumppanuutta.png\" alt=\"\" class=\"wp-image-500\"\/><\/figure>\n\n\n\n<h5 class=\"wp-block-heading has-text-align-center\">Experienced specialists<\/h5>\n\n\n\n<p class=\"has-text-align-center\">We are all seasoned professionals with multiple successful projects and valuable lessons learned. We are also eager to continuous learning. <\/p>\n\n\r\n\t<\/div>\r\n\t<\/div><\/div>\n\n\n\n<div class=\"wp-block-column is-layout-flow wp-block-column-is-layout-flow\">\r\n<div id=\"max-width-block_5dacc1c9c408525b536b0b7f78ac3327\" class=\"wp-block block-max-width\">\r\n\t<div class=\"block-max-width__inner\" style=\"max-width: 500px;\">\r\n\t\t\n\n<figure class=\"wp-block-image aligncenter size-large\"><img loading=\"lazy\" decoding=\"async\" width=\"886\" height=\"664\" src=\"https:\/\/www.luotocompany.fi\/wp-content\/uploads\/2021\/07\/omistautuneita-ihmisia.png\" alt=\"\" class=\"wp-image-502\"\/><\/figure>\n\n\n\n<h5 class=\"wp-block-heading has-text-align-center\">Dedicated people<\/h5>\n\n\n\n<p class=\"has-text-align-center\">We always make a personal commitment to the agreed objectives. We are determined to be the best partner and our individuals are always supported by our close-knit team.<\/p>\n\n\r\n\t<\/div>\r\n\t<\/div><\/div>\n<\/div>\n\n\n\n<div class=\"wp-block-columns is-layout-flex wp-container-core-columns-is-layout-28f84493 wp-block-columns-is-layout-flex\">\n<div class=\"wp-block-column is-layout-flow wp-block-column-is-layout-flow\">\r\n<div id=\"max-width-block_5dacc1c9c408525b536b0b7f78ac3327\" class=\"wp-block block-max-width\">\r\n\t<div class=\"block-max-width__inner\" style=\"max-width: 500px;\">\r\n\t\t\n\n<figure class=\"wp-block-image aligncenter size-large\"><img loading=\"lazy\" decoding=\"async\" width=\"886\" height=\"664\" src=\"https:\/\/www.luotocompany.fi\/wp-content\/uploads\/2021\/07\/kokeneita-tekijoita.png\" alt=\"\" class=\"wp-image-503\"\/><\/figure>\n\n\n\n<h5 class=\"wp-block-heading has-text-align-center\">A solution-oriented approach<\/h5>\n\n\n\n<p class=\"has-text-align-center\">Active problem solving is essential for team to success. We want to stand next to our customers when solutions are needed.<\/p>\n\n\r\n\t<\/div>\r\n\t<\/div><\/div>\n\n\n\n<div class=\"wp-block-column is-layout-flow wp-block-column-is-layout-flow\">\r\n<div id=\"max-width-block_5dacc1c9c408525b536b0b7f78ac3327\" class=\"wp-block block-max-width\">\r\n\t<div class=\"block-max-width__inner\" style=\"max-width: 500px;\">\r\n\t\t\n\n<figure class=\"wp-block-image aligncenter size-large\"><img loading=\"lazy\" decoding=\"async\" width=\"886\" height=\"664\" src=\"https:\/\/www.luotocompany.fi\/wp-content\/uploads\/2021\/07\/kuin-yksi-teista.png\" alt=\"\" class=\"wp-image-504\"\/><\/figure>\n\n\n\n<h5 class=\"wp-block-heading has-text-align-center\">Fairness<\/h5>\n\n\n\n<p class=\"has-text-align-center\">Our unique value and culture will reach our customers also. Transparency, easy collaboration and shared culture are important to us.<\/p>\n\n\r\n\t<\/div>\r\n\t<\/div><\/div>\n<\/div>\n\n\n\n<div class=\"wp-block-cover alignfull\"><span aria-hidden=\"true\" class=\"wp-block-cover__background has-kuusimetsa-background-color has-background-dim-100 has-background-dim\"><\/span><div class=\"wp-block-cover__inner-container is-layout-flow wp-block-cover-is-layout-flow\">\n<h2 class=\"wp-block-heading has-text-align-center has-poutapaiva-color has-text-color\">Customer experiences<\/h2>\n\n\n\n<div class=\"wp-block-cgb-block-swiper-slider swiper-container layout-testimonials layout-undefined\" id=\"swiper-b0da1725-667a-48b4-89af-b1974f75a1d9\" data-block-id=\"b0da1725-667a-48b4-89af-b1974f75a1d9\" data-animation=\"slide\" data-speed=\"500\" data-autoplay=\"false\" data-autoplay-s=\"falses\" data-hover-pause=\"true\" data-loop=\"true\" data-arrows=\"true\"><div class=\"swiper-wrapper\">\n<div class=\"wp-block-cgb-block-swiper-slide swiper-slide\"><div class=\"slide-content\">\n<blockquote class=\"wp-block-quote has-text-align-center has-poutapaiva-color has-text-color is-layout-flow wp-block-quote-is-layout-flow\">\n<p>\u201cThe unquestionable strength of Luoto Company is that I have never received anything less than the very best from them.\u201d<\/p>\n<cite>Jussi V\u00e4is\u00e4nen<br>Director Development and Technology<br>Posti Group<\/cite><\/blockquote>\n<\/div><\/div>\n\n\n\n<div class=\"wp-block-cgb-block-swiper-slide swiper-slide\"><div class=\"slide-content\">\n<blockquote class=\"wp-block-quote has-text-align-center has-poutapaiva-color has-text-color is-layout-flow wp-block-quote-is-layout-flow\">\n<p>\u201cI really like Luoto\u2019s customer-driven values, which translate into genuine consulting that helps customers succeed.\u201d<\/p>\n<cite>Jani Heinola <br>Information Technology Business Partner <br>Telia Finland<\/cite><\/blockquote>\n<\/div><\/div>\n\n\n\n<div class=\"wp-block-cgb-block-swiper-slide swiper-slide\"><div class=\"slide-content\">\n<blockquote class=\"wp-block-quote has-text-align-center has-poutapaiva-color has-text-color is-layout-flow wp-block-quote-is-layout-flow\">\n<p class=\"has-poutapaiva-color has-text-color\">\u201cSometimes I even wonder if there\u2019s anything to improve on in our collaboration, as everything works fantastically. I never dreamed it could be this easy.\u201d<\/p>\n<cite>Hannu Sintonen<br>Expert<br>Fingrid<\/cite><\/blockquote>\n<\/div><\/div>\n\n\n\n<div class=\"wp-block-cgb-block-swiper-slide swiper-slide\"><div class=\"slide-content\">\n<blockquote class=\"wp-block-quote has-text-align-center has-poutapaiva-color has-text-color is-layout-flow wp-block-quote-is-layout-flow\">\n<p class=\"has-poutapaiva-color has-text-color\">\u201cLuoto seems to have hired only the cream of the crop. All the Luoto consultants who carried out work for us are productive professionals and worth every cent.\u201d<\/p>\n<cite>Jussi Saarinen<br>IT Development manager<br>Suomen Asiakastieto<\/cite><\/blockquote>\n<\/div><\/div>\n\n\n\n<div class=\"wp-block-cgb-block-swiper-slide swiper-slide\"><div class=\"slide-content\">\n<blockquote class=\"wp-block-quote has-text-align-center has-poutapaiva-color has-text-color is-layout-flow wp-block-quote-is-layout-flow\">\n<p>&#8220;I think it&#8217;s great that Luoto has ordinary, knowledgeable and good people.&#8221;<\/p>\n<cite>Mari Moisio<br>Digital Services Coordinator<br>Oma S\u00e4\u00e4st\u00f6pankki<\/cite><\/blockquote>\n<\/div><\/div>\n\n\n\n<div class=\"wp-block-cgb-block-swiper-slide swiper-slide\"><div class=\"slide-content\">\n<blockquote class=\"wp-block-quote has-text-align-center has-poutapaiva-color has-text-color is-layout-flow wp-block-quote-is-layout-flow\">\n<p class=\"has-poutapaiva-color has-text-color\">&#8220;Luoto&#8217;s developers hold strong solution-oriented mindset, self directed attitude but not in a way that customer would not be listened. They are also good in communication as a developers. ;)&#8221;<\/p>\n<cite>Jouni Utriainen<br>Compensate<\/cite><\/blockquote>\n<\/div><\/div>\n\n\n\n<div class=\"wp-block-cgb-block-swiper-slide swiper-slide\"><div class=\"slide-content\">\n<blockquote class=\"wp-block-quote has-text-align-center has-poutapaiva-color has-text-color is-layout-flow wp-block-quote-is-layout-flow\">\n<p class=\"has-poutapaiva-color has-text-color\">\u201cIn this fast paced and growing environment Luoto&#8217;s ability to serve with high expertise and fast has been priceless.&#8221; <\/p>\n<cite>Petri Luostarinen<br>Solution Manager<br>Musti Group<\/cite><\/blockquote>\n<\/div><\/div>\n\n\n\n<div class=\"wp-block-cgb-block-swiper-slide swiper-slide\"><div class=\"slide-content\">\n<blockquote class=\"wp-block-quote has-text-align-center has-poutapaiva-color has-text-color is-layout-flow wp-block-quote-is-layout-flow\">\n<p>\u201dAll Luoto consultants with us are like diamonds. Guys have been taking responsibility and at the same time also given room for others. For us they are truly part of team, not just outside resources.&#8221;<\/p>\n<cite>Milka Virta <br>Head of Product Development<br>BeeHealthy<\/cite><\/blockquote>\n\n\n\n<p><\/p>\n<\/div><\/div>\n<\/div><div class=\"swiper-navigation\"><span class=\"swiper-button-prev\"><\/span><span class=\"swiper-button-next\"><\/span><\/div><\/div>\n\n\n\n<h3 class=\"wp-block-heading has-text-align-center has-lumi-color has-text-color has-link-color wp-elements-e6751d969ccdf2863874b6af368fc7d5\" style=\"margin-top:var(--wp--preset--spacing--70)\">Customer experience in figures<\/h3>\n\n\n\n<div class=\"wp-block-group has-lumi-color has-text-color has-link-color wp-elements-3e94e44c8cbd9b32e23bbb5422d36b45 is-content-justification-center is-layout-flex wp-container-core-group-is-layout-a757bed9 wp-block-group-is-layout-flex\" style=\"margin-top:var(--wp--preset--spacing--60)\">\n<div class=\"wp-block-group has-lumi-color has-text-color has-link-color wp-elements-995fa3825abe54bbe4a95e86aaeafb70 is-layout-constrained wp-container-core-group-is-layout-8dd13e6d wp-block-group-is-layout-constrained\" style=\"padding-right:var(--wp--preset--spacing--60);padding-left:var(--wp--preset--spacing--60)\">\n<h6 class=\"wp-block-heading has-text-align-center has-lumi-color has-text-color has-link-color has-heading-2-font-size wp-elements-88e4bad4f35a1e20821cc5b1ba0e3821\" style=\"margin-top:0;margin-bottom:0\">94<\/h6>\n\n\n\n<p class=\"has-text-align-center\" style=\"margin-top:0;margin-bottom:0\">Latest NPS<\/p>\n<\/div>\n\n\n\n<div class=\"wp-block-group has-lumi-color has-text-color has-link-color wp-elements-e1b8bbc460ffe5453875ab64d2d6ca54 is-layout-constrained wp-container-core-group-is-layout-8dd13e6d wp-block-group-is-layout-constrained\" style=\"padding-right:var(--wp--preset--spacing--60);padding-left:var(--wp--preset--spacing--60)\">\n<h6 class=\"wp-block-heading has-text-align-center has-lumi-color has-text-color has-link-color has-heading-2-font-size wp-elements-8ea799d66b8b26f401613eb4ec48ca7d\" style=\"margin-top:0;margin-bottom:0\">100%<\/h6>\n\n\n\n<p class=\"has-text-align-center\" style=\"margin-top:0;margin-bottom:0\">Latest CSAT<\/p>\n<\/div>\n\n\n\n<div class=\"wp-block-group has-lumi-color has-text-color has-link-color wp-elements-fea4406973c937be886e51ef917eca7d is-layout-constrained wp-container-core-group-is-layout-8dd13e6d wp-block-group-is-layout-constrained\" style=\"padding-right:var(--wp--preset--spacing--60);padding-left:var(--wp--preset--spacing--60)\">\n<h6 class=\"wp-block-heading has-text-align-center has-lumi-color has-text-color has-link-color has-heading-2-font-size wp-elements-e5ad48df51f744043a90b69ac74326f9\" style=\"margin-top:0;margin-bottom:0\">4.9<\/h6>\n\n\n\n<p class=\"has-text-align-center\" style=\"margin-top:0;margin-bottom:0\">Latest CES<\/p>\n<\/div>\n<\/div>\n<\/div><\/div>\n\n\n\n<div class=\"wp-block-media-text alignwide has-media-on-the-right is-stacked-on-mobile\"><div class=\"wp-block-media-text__content\">\n<h3 class=\"wp-block-heading\">Want to hear more about our projects? <\/h3>\n\n\n\n<p class=\"has-text-align-left\">It goes without saying that our customers take the credit for their digital successes \u2013 and we want to keep it that way. At the same time, references are also more closely linked to the professionals than the company, so with the permission of our customers we are happy to tell you in our meeting about the latest, team-specific references that might interest you.<\/p>\n\n\n\n<p class=\"has-text-align-left\">So far in its history, Luoto Company has served more than 35 satisfied customers in various industries. In addition, all our professionals have an average of 15 years of wide-ranging expertise in creating high-quality digital solutions in various fields and for a diverse range of customers.<\/p>\n\n\n\n<div class=\"wp-block-buttons is-horizontal is-content-justification-left is-layout-flex wp-container-core-buttons-is-layout-20be11b6 wp-block-buttons-is-layout-flex\">\n<div class=\"wp-block-button\"><a class=\"wp-block-button__link has-lumi-color has-kuusimetsa-background-color has-text-color has-background has-custom-font-size wp-element-button\" href=\"https:\/\/www.luotocompany.fi\/en\/contact\/\" style=\"font-size:18px\">Contact us <img loading=\"lazy\" decoding=\"async\" width=\"16\" height=\"16\" class=\"wp-image-560\" style=\"width: 16px;\" src=\"https:\/\/www.luotocompany.fi\/wp-content\/uploads\/2021\/07\/icon-arrow.svg\" alt=\"\"><\/a><\/div>\n<\/div>\n<\/div><figure class=\"wp-block-media-text__media\"><img loading=\"lazy\" decoding=\"async\" width=\"2140\" height=\"1054\" src=\"https:\/\/www.luotocompany.fi\/wp-content\/uploads\/2021\/07\/nakemyksia-hero.png\" alt=\"\" class=\"wp-image-574 size-full\" srcset=\"https:\/\/luotocompany.fi\/wp-content\/uploads\/2021\/07\/nakemyksia-hero.png 2140w, https:\/\/luotocompany.fi\/wp-content\/uploads\/2021\/07\/nakemyksia-hero-1024x504.png 1024w, https:\/\/luotocompany.fi\/wp-content\/uploads\/2021\/07\/nakemyksia-hero-1920x946.png 1920w, https:\/\/luotocompany.fi\/wp-content\/uploads\/2021\/07\/nakemyksia-hero-2048x1009.png 2048w\" sizes=\"auto, (max-width: 2140px) 100vw, 2140px\" \/><\/figure><\/div>\n\n\n\n<div class=\"wp-block-cover alignfull is-light block-padding-small\"><span aria-hidden=\"true\" class=\"wp-block-cover__background has-poutapaiva-background-color has-background-dim-100 has-background-dim\"><\/span><div class=\"wp-block-cover__inner-container is-layout-flow wp-block-cover-is-layout-flow\">\n<div class=\"wp-block-media-text alignwide is-stacked-on-mobile\"><figure class=\"wp-block-media-text__media\"><img loading=\"lazy\" decoding=\"async\" width=\"800\" height=\"570\" src=\"https:\/\/www.luotocompany.fi\/wp-content\/uploads\/2021\/11\/Luotocompany_Opas-ENG.jpg\" alt=\"\" class=\"wp-image-2314 size-full\"\/><\/figure><div class=\"wp-block-media-text__content\">\n<h4 class=\"wp-block-heading\">High-quality software development<\/h4>\n\n\n\n<p>Quality is the result of the team and their highly valuable experience. Our team of partners has an average of 15 years of experience in developing digital services, and so we have condensed our understanding of quality doctrine into one concise framework. In the initial stages of a new development and during ongoing development, the framework helps the whole team to identify the key success factors.<\/p>\n\n\n\n<p>In every project, we are strongly committed to ensuring success in close partnership with our customers. To make this happen, we find it extremely important that the factors affecting quality are clear to everyone. The handbook covers two different approaches: a general description, and a broader description covering the nature of the project.<\/p>\n\n\n\n<p>The handbook can also be downloaded for free without submitting any contact information.<\/p>\n\n\n\n<p><a href=\"https:\/\/www.luotocompany.fi\/en\/contact\/\" data-type=\"page\" data-id=\"30\">Contact us<\/a>, if you have any thoughts or questions after reading the handbook. In addition to high-quality software development, we are keen to develop ideas related to a variety of topics, be it modern architecture, technology, data, artificial intelligence and machine learning, or other new trends in the industry. <\/p>\n\n\n\n<div class=\"wp-block-buttons is-layout-flex wp-block-buttons-is-layout-flex\">\n<div class=\"wp-block-button is-style-default\"><a class=\"wp-block-button__link has-custom-font-size wp-element-button\" href=\"https:\/\/www.luotocompany.fi\/download\/2221\/\" style=\"font-size:18px\">Download our handbook <img loading=\"lazy\" decoding=\"async\" width=\"24\" height=\"23\" class=\"wp-image-558\" style=\"width: 24px;\" src=\"https:\/\/www.luotocompany.fi\/wp-content\/uploads\/2021\/07\/icon-download.svg\" alt=\"\"><\/a><\/div>\n<\/div>\n<\/div><\/div>\n<\/div><\/div>\n\n\n\n<div class=\"wp-block-cover alignfull\"><img loading=\"lazy\" decoding=\"async\" width=\"1920\" height=\"1440\" class=\"wp-block-cover__image-background wp-image-133\" alt=\"\" src=\"https:\/\/www.luotocompany.fi\/wp-content\/uploads\/2021\/07\/newsletter-form-background.jpg\" data-object-fit=\"cover\" srcset=\"https:\/\/luotocompany.fi\/wp-content\/uploads\/2021\/07\/newsletter-form-background.jpg 1920w, https:\/\/luotocompany.fi\/wp-content\/uploads\/2021\/07\/newsletter-form-background-1024x768.jpg 1024w\" sizes=\"auto, (max-width: 1920px) 100vw, 1920px\" \/><div class=\"wp-block-cover__inner-container is-layout-flow wp-block-cover-is-layout-flow\">\n<h3 class=\"has-text-align-center has-lumi-color has-text-color wp-block-heading\"><strong>Want to hear more?<\/strong><\/h3>\n\n\n\n<div class=\"wp-block-buttons is-content-justification-center is-layout-flex wp-block-buttons-is-layout-flex\">\n<div class=\"wp-block-button has-custom-font-size\" style=\"font-size:18px\"><a class=\"wp-block-button__link\" href=\"https:\/\/www.luotocompany.fi\/en\/contact\/\">Contact us <img loading=\"lazy\" decoding=\"async\" width=\"16\" height=\"16\" class=\"wp-image-560\" style=\"width: 16px;\" src=\"https:\/\/www.luotocompany.fi\/wp-content\/uploads\/2021\/07\/icon-arrow.svg\" alt=\"\"><\/a><\/div>\n<\/div>\n\n\n\r\n<div id=\"max-width-block_60f5a0379c3c7\" class=\"wp-block block-max-width\">\r\n\t<div class=\"block-max-width__inner\" style=\"max-width: 540px;\">\r\n\t\t\r\n\t<\/div>\r\n\t<\/div><\/div><\/div>\n","protected":false},"excerpt":{"rendered":"<p>Your strategic companion Fair partnership with Luoto Company<\/p>\n","protected":false},"author":2,"featured_media":0,"parent":0,"menu_order":0,"comment_status":"closed","ping_status":"closed","template":"","meta":{"_acf_changed":false,"footnotes":""},"class_list":["post-1829","page","type-page","status-publish","hentry"],"acf":[],"_links":{"self":[{"href":"https:\/\/luotocompany.fi\/en\/wp-json\/wp\/v2\/pages\/1829","targetHints":{"allow":["GET"]}}],"collection":[{"href":"https:\/\/luotocompany.fi\/en\/wp-json\/wp\/v2\/pages"}],"about":[{"href":"https:\/\/luotocompany.fi\/en\/wp-json\/wp\/v2\/types\/page"}],"author":[{"embeddable":true,"href":"https:\/\/luotocompany.fi\/en\/wp-json\/wp\/v2\/users\/2"}],"replies":[{"embeddable":true,"href":"https:\/\/luotocompany.fi\/en\/wp-json\/wp\/v2\/comments?post=1829"}],"version-history":[{"count":14,"href":"https:\/\/luotocompany.fi\/en\/wp-json\/wp\/v2\/pages\/1829\/revisions"}],"predecessor-version":[{"id":2959,"href":"https:\/\/luotocompany.fi\/en\/wp-json\/wp\/v2\/pages\/1829\/revisions\/2959"}],"wp:attachment":[{"href":"https:\/\/luotocompany.fi\/en\/wp-json\/wp\/v2\/media?parent=1829"}],"curies":[{"name":"wp","href":"https:\/\/api.w.org\/{rel}","templated":true}]}}